{"id":16581,"date":"2024-04-25T15:00:49","date_gmt":"2024-04-25T15:00:49","guid":{"rendered":"https:\/\/fibrosisquistica.org\/?page_id=16581"},"modified":"2024-04-25T15:00:49","modified_gmt":"2024-04-25T15:00:49","slug":"condiciones-y-envio","status":"publish","type":"page","link":"https:\/\/fibrosisquistica.org\/en\/condiciones-y-envio\/","title":{"rendered":"Condiciones y env\u00edo"},"content":{"rendered":"<div id=\"fws_69f304a2e67e6\"  data-column-margin=\"default\" data-midnight=\"dark\" data-top-percent=\"5%\"  class=\"wpb_row vc_row-fluid vc_row\"  style=\"padding-top: calc(100vw * 0.05); padding-bottom: 0px; \"><div class=\"row-bg-wrap\" data-bg-animation=\"none\" data-bg-animation-delay=\"\" data-bg-overlay=\"false\"><div class=\"inner-wrap row-bg-layer\" ><div class=\"row-bg viewport-desktop\"  style=\"\"><\/div><\/div><\/div><div class=\"row_col_wrap_12 col span_12 dark left\">\n\t<div  class=\"vc_col-sm-2 wpb_column column_container vc_column_container col no-extra-padding inherit_tablet inherit_phone\"  data-padding-pos=\"all\" data-has-bg-color=\"false\" data-bg-color=\"\" data-bg-opacity=\"1\" data-animation=\"\" data-delay=\"0\" >\n\t\t<div class=\"vc_column-inner\" >\n\t\t\t<div class=\"wpb_wrapper\">\n\t\t\t\t\n\t\t\t<\/div> \n\t\t<\/div>\n\t<\/div> \n\n\t<div  class=\"vc_col-sm-8 wpb_column column_container vc_column_container col no-extra-padding inherit_tablet inherit_phone\"  data-padding-pos=\"all\" data-has-bg-color=\"false\" data-bg-color=\"\" data-bg-opacity=\"1\" data-animation=\"\" data-delay=\"0\" >\n\t\t<div class=\"vc_column-inner\" >\n\t\t\t<div class=\"wpb_wrapper\">\n\t\t\t\t<div class=\"nectar-split-heading\" data-align=\"default\" data-m-align=\"inherit\" data-text-effect=\"default\" data-animation-type=\"default\" data-animation-delay=\"0\" data-animation-offset=\"\" data-m-rm-animation=\"\" data-stagger=\"\" data-custom-font-size=\"false\" ><div class=\"heading-line\" > <div><h2>CONDICIONES Y ENV\u00cdO<\/h2> <\/div> <\/div><\/div><div class=\"divider-wrap\" data-alignment=\"default\"><div style=\"margin-top: 1vh; height: 1px; margin-bottom: 1vh;\" data-width=\"100%\" data-animate=\"yes\" data-animation-delay=\"\" data-color=\"accent-color\" class=\"divider-border\"><\/div><\/div>\n<div class=\"wpb_text_column wpb_content_element  vc_custom_1714057245788\" >\n\t<div class=\"wpb_wrapper\">\n\t\t<p><strong>FORMA DE PAGO<\/strong><\/p>\n<p>El pago se realiza a trav\u00e9s de Paypal. Es un m\u00e9todo c\u00f3modo, r\u00e1pido, seguro y sin comisiones con el que podr\u00e1s hacer tu compra mediante tarjeta de cr\u00e9dito aunque no dispongas de cuenta.<\/p>\n<p>Tambi\u00e9n puedes pagar mediante trasferencia, escr\u00edbenos a info@fibrosisquistica.org y formalizaremos la compra mediante transferencia bancaria.<\/p>\n<p><strong>PRECIOS<\/strong><\/p>\n<p>Los precios se indican en euros (IVA incluido) a falta de a\u00f1adir el coste de trasporte seg\u00fan el tipo de producto que compres que lo indicar\u00e1 a la hora de a\u00f1adir los productos al carro de la compra.<\/p>\n<p>La Federaci\u00f3n Espa\u00f1ola de Fibrosis Qu\u00edstica se reserva el derecho a modificar los precios sin previo aviso.<\/p>\n<p><strong>GASTOS DE ENV\u00cdO<\/strong><\/p>\n<p>El env\u00edo para la pen\u00ednsula tiene un coste tarifa plana de 3,50 euros por pedido (hasta 5 kg) y se realizar\u00e1 a trav\u00e9s de Correos. Para pedidos grandes, <strong>de m\u00e1s de 5 kg<\/strong>, <strong>o con destino Baleares y Canarias puedes ponerte en contacto con la Federaci\u00f3n.<\/strong><\/p>\n<p><strong>No se realizar\u00e1n env\u00edos fuera de Espa\u00f1a.<\/strong><\/p>\n<p><strong>CONDICIONES DE ENV\u00cdO<\/strong><\/p>\n<p>Se realizar\u00e1n env\u00edos dos veces a la semana (lunes y mi\u00e9rcoles) que recibir\u00e9is en el plazo de 3-4 d\u00edas h\u00e1biles.<\/p>\n<p><strong>CAMBIOS Y DEVOLUCIONES<\/strong><\/p>\n<p>Para poder realizar un cambio o una devoluci\u00f3n, deber\u00e1s contactar con nosotros previamente para informarnos de tu intenci\u00f3n; el producto no debe haber sido utilizado, lavado o alterado de ninguna forma, y su env\u00edo debe realizarse utilizando su embalaje original.<\/p>\n<p>En cumplimiento de lo establecido en la Ley 3\/2014, de 27 de marzo, por la que se modifica el texto refundido de la Ley General para la Defensa de los Consumidores y Usuarios y otras leyes complementarias, en caso de que el consumidor no quede satisfecho con la compra realizada, podr\u00e1 ejercitar el derecho de desistimiento, en un plazo de 14 d\u00edas naturales desde la recepci\u00f3n del producto, sin necesidad de justificaci\u00f3n.<\/p>\n<p>Para ejercer el derecho de desistimiento, el consumidor deber\u00e1 notificar su decisi\u00f3n a la empresa a trav\u00e9s de un medio fehaciente, como, por ejemplo, carta o correo electr\u00f3nico.<\/p>\n<p>El consumidor deber\u00e1 devolver el producto a la empresa en un plazo de 14 d\u00edas naturales desde la comunicaci\u00f3n del desistimiento. Los gastos de devoluci\u00f3n correr\u00e1n a cargo del consumidor.<\/p>\n<p>La empresa devolver\u00e1 al consumidor el importe total de la compra, incluidos los gastos de env\u00edo, en un plazo m\u00e1ximo de 14 d\u00edas naturales desde la recepci\u00f3n del producto devuelto.<\/p>\n<p><strong>FACTURA<\/strong><\/p>\n<p>Si necesitas una factura por tu compra, env\u00edanos un email facilit\u00e1ndonos tus datos fiscales y te la enviaremos por email.<\/p>\n<p><strong>PRODUCTOS<\/strong><\/p>\n<p>Las fotograf\u00edas tratan de ser lo m\u00e1s fieles a la realidad, aunque podr\u00edan observarse ligeras diferencias de color entre la fotograf\u00eda y el producto que reciba, debido a las diferencias de configuraci\u00f3n de las pantallas de ordenador.<\/p>\n<p>INFORMACI\u00d3N SOBRE EL VENDEDOR<\/p>\n<p>FEDERACI\u00d3N ESPA\u00d1OLA DE FIBROSIS QU\u00cdSTICA<\/p>\n<p>C\/ Jos\u00e9 Mar\u00eda de Haro, 14, 1\u00ba C. 46022 &#8211; Valencia. CIF: G46730180<\/p>\n<p>Ante cualquier duda, puedes ponerte en contacto con nosotros a trav\u00e9s del correo electr\u00f3nico info@fibrosisquistica.org o al tel\u00e9fono 96 331 82 00.<\/p>\n\t<\/div>\n<\/div>\n\n\n\n\n\t\t\t<\/div> \n\t\t<\/div>\n\t<\/div> \n\n\t<div  class=\"vc_col-sm-2 wpb_column column_container vc_column_container col no-extra-padding inherit_tablet inherit_phone\"  data-padding-pos=\"all\" data-has-bg-color=\"false\" data-bg-color=\"\" data-bg-opacity=\"1\" data-animation=\"\" data-delay=\"0\" >\n\t\t<div class=\"vc_column-inner\" >\n\t\t\t<div class=\"wpb_wrapper\">\n\t\t\t\t\n\t\t\t<\/div> \n\t\t<\/div>\n\t<\/div> \n<\/div><\/div>","protected":false},"excerpt":{"rendered":"CONDICIONES Y ENV\u00cdO FORMA DE...","protected":false},"author":107,"featured_media":0,"parent":0,"menu_order":0,"comment_status":"closed","ping_status":"closed","template":"","meta":{"_acf_changed":false,"footnotes":""},"class_list":["post-16581","page","type-page","status-publish"],"acf":[],"_links":{"self":[{"href":"https:\/\/fibrosisquistica.org\/en\/wp-json\/wp\/v2\/pages\/16581","targetHints":{"allow":["GET"]}}],"collection":[{"href":"https:\/\/fibrosisquistica.org\/en\/wp-json\/wp\/v2\/pages"}],"about":[{"href":"https:\/\/fibrosisquistica.org\/en\/wp-json\/wp\/v2\/types\/page"}],"author":[{"embeddable":true,"href":"https:\/\/fibrosisquistica.org\/en\/wp-json\/wp\/v2\/users\/107"}],"replies":[{"embeddable":true,"href":"https:\/\/fibrosisquistica.org\/en\/wp-json\/wp\/v2\/comments?post=16581"}],"version-history":[{"count":2,"href":"https:\/\/fibrosisquistica.org\/en\/wp-json\/wp\/v2\/pages\/16581\/revisions"}],"predecessor-version":[{"id":16583,"href":"https:\/\/fibrosisquistica.org\/en\/wp-json\/wp\/v2\/pages\/16581\/revisions\/16583"}],"wp:attachment":[{"href":"https:\/\/fibrosisquistica.org\/en\/wp-json\/wp\/v2\/media?parent=16581"}],"curies":[{"name":"wp","href":"https:\/\/api.w.org\/{rel}","templated":true}]}}