{"id":1400,"date":"2016-01-29T15:40:56","date_gmt":"2016-01-29T15:40:56","guid":{"rendered":"http:\/\/nueva.fefq.es\/?post_type=product&#038;p=1400"},"modified":"2026-04-09T11:42:59","modified_gmt":"2026-04-09T11:42:59","slug":"pulmonito","status":"publish","type":"product","link":"https:\/\/fibrosisquistica.org\/en\/product\/pulmonito\/","title":{"rendered":"Pulmonito"},"content":{"rendered":"","protected":false},"excerpt":{"rendered":"<section id=\"product_description\">Pulmonito es la mascota solidaria de la Fibrosis Qu\u00edstica. Estos peluches est\u00e1n disponibles ahora mismo en cinco colores diferentes: marr\u00f3n, blanco, negro, verde y naranja.<\/section>\n<section><\/section>\n<section>Y llevan bordada en su pata las siglas FQ. Cumplen con el est\u00e1ndar de calidad europeo, seg\u00fan la norma de seguridad EN-71, y est\u00e1n realizados con material antial\u00e9rgico.<\/section>\n<section><\/section>\n<section>(IVA Incluido)<\/section>","protected":false},"featured_media":16205,"template":"","meta":{"_acf_changed":false},"product_brand":[],"product_cat":[59],"product_tag":[],"class_list":{"0":"post-1400","1":"product","2":"type-product","3":"status-publish","4":"has-post-thumbnail","6":"product_cat-solidarios","8":"first","9":"instock","10":"taxable","11":"shipping-taxable","12":"purchasable","13":"product-type-variable"},"acf":[],"_links":{"self":[{"href":"https:\/\/fibrosisquistica.org\/en\/wp-json\/wp\/v2\/product\/1400","targetHints":{"allow":["GET"]}}],"collection":[{"href":"https:\/\/fibrosisquistica.org\/en\/wp-json\/wp\/v2\/product"}],"about":[{"href":"https:\/\/fibrosisquistica.org\/en\/wp-json\/wp\/v2\/types\/product"}],"wp:featuredmedia":[{"embeddable":true,"href":"https:\/\/fibrosisquistica.org\/en\/wp-json\/wp\/v2\/media\/16205"}],"wp:attachment":[{"href":"https:\/\/fibrosisquistica.org\/en\/wp-json\/wp\/v2\/media?parent=1400"}],"wp:term":[{"taxonomy":"product_brand","embeddable":true,"href":"https:\/\/fibrosisquistica.org\/en\/wp-json\/wp\/v2\/product_brand?post=1400"},{"taxonomy":"product_cat","embeddable":true,"href":"https:\/\/fibrosisquistica.org\/en\/wp-json\/wp\/v2\/product_cat?post=1400"},{"taxonomy":"product_tag","embeddable":true,"href":"https:\/\/fibrosisquistica.org\/en\/wp-json\/wp\/v2\/product_tag?post=1400"}],"curies":[{"name":"wp","href":"https:\/\/api.w.org\/{rel}","templated":true}]}}