{"id":16212,"date":"2024-04-22T15:30:28","date_gmt":"2024-04-22T15:30:28","guid":{"rendered":"https:\/\/fibrosisquistica.org\/?post_type=product&#038;p=16212"},"modified":"2024-04-30T09:38:44","modified_gmt":"2024-04-30T09:38:44","slug":"bolsas-de-tela","status":"publish","type":"product","link":"https:\/\/fibrosisquistica.org\/en\/product\/bolsas-de-tela\/","title":{"rendered":"Bolsas de Tela"},"content":{"rendered":"","protected":false},"excerpt":{"rendered":"<p>Estas bolsas de tela solidarias llevan escrito el lema de la Fibrosis Qu\u00edstica y tienen unas dimensiones de 38 cm. de ancho y 42 cm. de alto (34 cm. m\u00e1s con las asas). Est\u00e1n hechas 100% de algod\u00f3n, son muy resistentes y se pueden utilizar para llevar libros, hacer la compra o como un pr\u00e1ctico bolso.<\/p>\n<p>(IVA Incluido)<\/p>","protected":false},"featured_media":16213,"template":"","meta":{"_acf_changed":false},"product_brand":[],"product_cat":[59],"product_tag":[],"class_list":{"0":"post-16212","1":"product","2":"type-product","3":"status-publish","4":"has-post-thumbnail","6":"product_cat-solidarios","8":"first","9":"instock","10":"taxable","11":"shipping-taxable","12":"purchasable","13":"product-type-simple"},"acf":[],"_links":{"self":[{"href":"https:\/\/fibrosisquistica.org\/en\/wp-json\/wp\/v2\/product\/16212","targetHints":{"allow":["GET"]}}],"collection":[{"href":"https:\/\/fibrosisquistica.org\/en\/wp-json\/wp\/v2\/product"}],"about":[{"href":"https:\/\/fibrosisquistica.org\/en\/wp-json\/wp\/v2\/types\/product"}],"wp:featuredmedia":[{"embeddable":true,"href":"https:\/\/fibrosisquistica.org\/en\/wp-json\/wp\/v2\/media\/16213"}],"wp:attachment":[{"href":"https:\/\/fibrosisquistica.org\/en\/wp-json\/wp\/v2\/media?parent=16212"}],"wp:term":[{"taxonomy":"product_brand","embeddable":true,"href":"https:\/\/fibrosisquistica.org\/en\/wp-json\/wp\/v2\/product_brand?post=16212"},{"taxonomy":"product_cat","embeddable":true,"href":"https:\/\/fibrosisquistica.org\/en\/wp-json\/wp\/v2\/product_cat?post=16212"},{"taxonomy":"product_tag","embeddable":true,"href":"https:\/\/fibrosisquistica.org\/en\/wp-json\/wp\/v2\/product_tag?post=16212"}],"curies":[{"name":"wp","href":"https:\/\/api.w.org\/{rel}","templated":true}]}}