{"id":16214,"date":"2024-04-22T15:31:04","date_gmt":"2024-04-22T15:31:04","guid":{"rendered":"https:\/\/fibrosisquistica.org\/?post_type=product&#038;p=16214"},"modified":"2024-04-30T09:38:37","modified_gmt":"2024-04-30T09:38:37","slug":"banda-elastica-cabeza","status":"publish","type":"product","link":"https:\/\/fibrosisquistica.org\/en\/product\/banda-elastica-cabeza\/","title":{"rendered":"Banda el\u00e1stica cabeza"},"content":{"rendered":"","protected":false},"excerpt":{"rendered":"<p>Banda el\u00e1stica deportiva para la cabeza de la marca Lurbel con logotipo de \u00abDonantes de ganas\u00bb. Color negro con logo blanco. Composici\u00f3n: 86% poliamida, 14% elastano. Medidas: 6 cm de ancho y 23,5 cm de di\u00e1metro m\u00ednimo.<\/p>\n<p>(IVA Incluido)<\/p>","protected":false},"featured_media":16215,"template":"","meta":{"_acf_changed":false},"product_brand":[],"product_cat":[59],"product_tag":[],"class_list":{"0":"post-16214","1":"product","2":"type-product","3":"status-publish","4":"has-post-thumbnail","6":"product_cat-solidarios","8":"first","9":"instock","10":"taxable","11":"shipping-taxable","12":"purchasable","13":"product-type-simple"},"acf":[],"_links":{"self":[{"href":"https:\/\/fibrosisquistica.org\/en\/wp-json\/wp\/v2\/product\/16214","targetHints":{"allow":["GET"]}}],"collection":[{"href":"https:\/\/fibrosisquistica.org\/en\/wp-json\/wp\/v2\/product"}],"about":[{"href":"https:\/\/fibrosisquistica.org\/en\/wp-json\/wp\/v2\/types\/product"}],"wp:featuredmedia":[{"embeddable":true,"href":"https:\/\/fibrosisquistica.org\/en\/wp-json\/wp\/v2\/media\/16215"}],"wp:attachment":[{"href":"https:\/\/fibrosisquistica.org\/en\/wp-json\/wp\/v2\/media?parent=16214"}],"wp:term":[{"taxonomy":"product_brand","embeddable":true,"href":"https:\/\/fibrosisquistica.org\/en\/wp-json\/wp\/v2\/product_brand?post=16214"},{"taxonomy":"product_cat","embeddable":true,"href":"https:\/\/fibrosisquistica.org\/en\/wp-json\/wp\/v2\/product_cat?post=16214"},{"taxonomy":"product_tag","embeddable":true,"href":"https:\/\/fibrosisquistica.org\/en\/wp-json\/wp\/v2\/product_tag?post=16214"}],"curies":[{"name":"wp","href":"https:\/\/api.w.org\/{rel}","templated":true}]}}