{"id":17187,"date":"2024-04-30T09:15:13","date_gmt":"2024-04-30T09:15:13","guid":{"rendered":"https:\/\/fibrosisquistica.org\/?post_type=product&#038;p=17187"},"modified":"2025-12-03T12:53:49","modified_gmt":"2025-12-03T12:53:49","slug":"agendas-escolares","status":"publish","type":"product","link":"https:\/\/fibrosisquistica.org\/en\/product\/agendas-escolares\/","title":{"rendered":"Agendas escolares"},"content":{"rendered":"","protected":false},"excerpt":{"rendered":"<p>Agendas escolares solidarias para el curso 2025-2026.<\/p>\n<p>El interior incluye informaci\u00f3n sobre la Fibrosis Qu\u00edstica y la Federaci\u00f3n Espa\u00f1ola de FQ.<\/p>\n<p>(IVA Incluido)<\/p>","protected":false},"featured_media":75138,"template":"","meta":{"_acf_changed":false},"product_brand":[],"product_cat":[59],"product_tag":[],"class_list":{"0":"post-17187","1":"product","2":"type-product","3":"status-publish","4":"has-post-thumbnail","6":"product_cat-solidarios","7":"product_shipping_class-agendass-muchas","9":"first","10":"outofstock","11":"taxable","12":"shipping-taxable","13":"purchasable","14":"product-type-simple"},"acf":[],"_links":{"self":[{"href":"https:\/\/fibrosisquistica.org\/en\/wp-json\/wp\/v2\/product\/17187","targetHints":{"allow":["GET"]}}],"collection":[{"href":"https:\/\/fibrosisquistica.org\/en\/wp-json\/wp\/v2\/product"}],"about":[{"href":"https:\/\/fibrosisquistica.org\/en\/wp-json\/wp\/v2\/types\/product"}],"wp:featuredmedia":[{"embeddable":true,"href":"https:\/\/fibrosisquistica.org\/en\/wp-json\/wp\/v2\/media\/75138"}],"wp:attachment":[{"href":"https:\/\/fibrosisquistica.org\/en\/wp-json\/wp\/v2\/media?parent=17187"}],"wp:term":[{"taxonomy":"product_brand","embeddable":true,"href":"https:\/\/fibrosisquistica.org\/en\/wp-json\/wp\/v2\/product_brand?post=17187"},{"taxonomy":"product_cat","embeddable":true,"href":"https:\/\/fibrosisquistica.org\/en\/wp-json\/wp\/v2\/product_cat?post=17187"},{"taxonomy":"product_tag","embeddable":true,"href":"https:\/\/fibrosisquistica.org\/en\/wp-json\/wp\/v2\/product_tag?post=17187"}],"curies":[{"name":"wp","href":"https:\/\/api.w.org\/{rel}","templated":true}]}}